{"id":868,"date":"2021-11-12T18:32:13","date_gmt":"2021-11-12T18:32:13","guid":{"rendered":"https:\/\/demo.voidcoders.com\/foodfly\/?page_id=868"},"modified":"2025-08-26T12:42:46","modified_gmt":"2025-08-26T12:42:46","slug":"menu","status":"publish","type":"page","link":"https:\/\/frenchtacos.es\/index.php\/menu\/","title":{"rendered":"Menu"},"content":{"rendered":"\t\t<div data-elementor-type=\"wp-page\" data-elementor-id=\"868\" class=\"elementor elementor-868\">\n\t\t\t\t\t\t<div class=\"elementor-section elementor-top-section elementor-element elementor-element-bb43fcd elementor-section-stretched elementor-section-boxed elementor-section-height-default elementor-section-height-default\" data-id=\"bb43fcd\" data-element_type=\"section\" data-settings=\"{&quot;stretch_section&quot;:&quot;section-stretched&quot;}\">\n\t\t\t\t\t\t<div class=\"elementor-container elementor-column-gap-default\">\n\t\t\t\t\t<div class=\"elementor-column elementor-col-100 elementor-top-column elementor-element elementor-element-2c311ac\" data-id=\"2c311ac\" data-element_type=\"column\">\n\t\t\t<div class=\"elementor-widget-wrap elementor-element-populated\">\n\t\t\t\t\t\t<section class=\"elementor-section elementor-inner-section elementor-element elementor-element-78f754e elementor-section-boxed elementor-section-height-default elementor-section-height-default\" data-id=\"78f754e\" data-element_type=\"section\">\n\t\t\t\t\t\t<div class=\"elementor-container elementor-column-gap-default\">\n\t\t\t\t\t<div class=\"elementor-column elementor-col-33 elementor-inner-column elementor-element elementor-element-6b4717e\" data-id=\"6b4717e\" data-element_type=\"column\">\n\t\t\t<div class=\"elementor-widget-wrap\">\n\t\t\t\t\t\t\t<\/div>\n\t\t<\/div>\n\t\t\t\t<div class=\"elementor-column elementor-col-33 elementor-inner-column elementor-element elementor-element-6b7958f\" data-id=\"6b7958f\" data-element_type=\"column\">\n\t\t\t<div class=\"elementor-widget-wrap elementor-element-populated\">\n\t\t\t\t\t\t<div class=\"elementor-element elementor-element-054b680 vc-heading-align-center elementor-widget elementor-widget-foodfly-theme-heading-title-one-widget\" data-id=\"054b680\" data-element_type=\"widget\" data-widget_type=\"foodfly-theme-heading-title-one-widget.default\">\n\t\t\t\t<div class=\"elementor-widget-container\">\n\t\t\t\t\t\r\n\t\t<div class=\"section-heading style-one\">\r\n\r\n\t\t\t\t\t\t\t<h3 class=\"subtitle\">Men\u00fa<\/h3>\r\n\t\t\t\r\n\t\t\t<h2 class=\"section-title\" data-wow-delay=\"0.3s\">Lo Mejor del Men\u00fa<\/h2>\r\n\t\t\t\t\t<\/div>\r\n\r\n\t\t\t\t\t\t<\/div>\n\t\t\t\t<\/div>\n\t\t\t\t\t<\/div>\n\t\t<\/div>\n\t\t\t\t<div class=\"elementor-column elementor-col-33 elementor-inner-column elementor-element elementor-element-eb6ce70\" data-id=\"eb6ce70\" data-element_type=\"column\">\n\t\t\t<div class=\"elementor-widget-wrap\">\n\t\t\t\t\t\t\t<\/div>\n\t\t<\/div>\n\t\t\t\t\t<\/div>\n\t\t<\/section>\n\t\t\t\t<section class=\"elementor-section elementor-inner-section elementor-element elementor-element-60612ed elementor-section-boxed elementor-section-height-default elementor-section-height-default\" data-id=\"60612ed\" data-element_type=\"section\">\n\t\t\t\t\t\t<div class=\"elementor-container elementor-column-gap-default\">\n\t\t\t\t\t<div class=\"elementor-column elementor-col-100 elementor-inner-column elementor-element elementor-element-c55344e\" data-id=\"c55344e\" data-element_type=\"column\">\n\t\t\t<div class=\"elementor-widget-wrap elementor-element-populated\">\n\t\t\t\t\t\t<div class=\"elementor-element elementor-element-79b8bef elementor-widget elementor-widget-foodfly-product-category-item-widget\" data-id=\"79b8bef\" data-element_type=\"widget\" data-widget_type=\"foodfly-product-category-item-widget.default\">\n\t\t\t\t<div class=\"elementor-widget-container\">\n\t\t\t\t\t        <div class=\"row\">\n                            <div class=\"col-lg-4\">\n                    <div class=\"product-category-item margin-bottom-30\">\n                                                    <div class=\"thumb\">\n                                <img decoding=\"async\" src=\"https:\/\/frenchtacos.es\/wp-content\/uploads\/2025\/08\/thm-bowls-370x240-1.png\">\n                            <\/div>\n                                                <div class=\"content\">\n                            <a class=\"title\"\n                               href=\"https:\/\/frenchtacos.es\/index.php\/product-category\/bowls\/\">Bowls<\/a>\n                        <\/div>\n                    <\/div>\n                <\/div>\n                            <div class=\"col-lg-4\">\n                    <div class=\"product-category-item margin-bottom-30\">\n                                                    <div class=\"thumb\">\n                                <img decoding=\"async\" src=\"https:\/\/frenchtacos.es\/wp-content\/uploads\/2025\/08\/thm-burger-370x240-1.png\">\n                            <\/div>\n                                                <div class=\"content\">\n                            <a class=\"title\"\n                               href=\"https:\/\/frenchtacos.es\/index.php\/product-category\/burger\/\">Burger<\/a>\n                        <\/div>\n                    <\/div>\n                <\/div>\n                            <div class=\"col-lg-4\">\n                    <div class=\"product-category-item margin-bottom-30\">\n                                                    <div class=\"thumb\">\n                                <img decoding=\"async\" src=\"https:\/\/frenchtacos.es\/wp-content\/uploads\/2025\/08\/thm-salade-370x240-2.png\">\n                            <\/div>\n                                                <div class=\"content\">\n                            <a class=\"title\"\n                               href=\"https:\/\/frenchtacos.es\/index.php\/product-category\/ensaladas\/\">Ensaladas<\/a>\n                        <\/div>\n                    <\/div>\n                <\/div>\n                            <div class=\"col-lg-4\">\n                    <div class=\"product-category-item margin-bottom-30\">\n                                                    <div class=\"thumb\">\n                                <img decoding=\"async\" src=\"https:\/\/frenchtacos.es\/wp-content\/uploads\/2025\/08\/thm-tacos-370x240-1.png\">\n                            <\/div>\n                                                <div class=\"content\">\n                            <a class=\"title\"\n                               href=\"https:\/\/frenchtacos.es\/index.php\/product-category\/tacos\/\">Tacos<\/a>\n                        <\/div>\n                    <\/div>\n                <\/div>\n                    <\/div>\n        \t\t\t\t<\/div>\n\t\t\t\t<\/div>\n\t\t\t\t\t<\/div>\n\t\t<\/div>\n\t\t\t\t\t<\/div>\n\t\t<\/section>\n\t\t\t\t\t<\/div>\n\t\t<\/div>\n\t\t\t\t\t<\/div>\n\t\t<\/div>\n\t\t\t\t<div class=\"elementor-section elementor-top-section elementor-element elementor-element-21d2e36 elementor-section-stretched elementor-section-boxed elementor-section-height-default elementor-section-height-default\" data-id=\"21d2e36\" data-element_type=\"section\" data-settings=\"{&quot;stretch_section&quot;:&quot;section-stretched&quot;}\">\n\t\t\t\t\t\t<div class=\"elementor-container elementor-column-gap-default\">\n\t\t\t\t\t<div class=\"elementor-column elementor-col-100 elementor-top-column elementor-element elementor-element-488b29c\" data-id=\"488b29c\" data-element_type=\"column\" data-settings=\"{&quot;background_background&quot;:&quot;classic&quot;}\">\n\t\t\t<div class=\"elementor-widget-wrap elementor-element-populated\">\n\t\t\t\t\t\t<div class=\"elementor-section elementor-inner-section elementor-element elementor-element-aff75d8 elementor-section-boxed elementor-section-height-default elementor-section-height-default\" data-id=\"aff75d8\" data-element_type=\"section\" data-settings=\"{&quot;background_background&quot;:&quot;classic&quot;}\">\n\t\t\t\t\t\t<div class=\"elementor-container elementor-column-gap-default\">\n\t\t\t\t\t<div class=\"elementor-column elementor-col-50 elementor-inner-column elementor-element elementor-element-8d8312d\" data-id=\"8d8312d\" data-element_type=\"column\" data-settings=\"{&quot;background_background&quot;:&quot;classic&quot;}\">\n\t\t\t<div class=\"elementor-widget-wrap elementor-element-populated\">\n\t\t\t\t\t\t<div class=\"elementor-element elementor-element-5d1ddaf elementor-widget elementor-widget-heading\" data-id=\"5d1ddaf\" data-element_type=\"widget\" data-widget_type=\"heading.default\">\n\t\t\t\t\t<span class=\"elementor-heading-title elementor-size-default\">Para el take away \/ delivery futuro<\/span>\t\t\t\t<\/div>\n\t\t\t\t<div class=\"elementor-element elementor-element-fb4cd65 elementor-widget elementor-widget-heading\" data-id=\"fb4cd65\" data-element_type=\"widget\" data-widget_type=\"heading.default\">\n\t\t\t\t\t<h4 class=\"elementor-heading-title elementor-size-default\">Tu pedido, como quieras\n<\/h4>\t\t\t\t<\/div>\n\t\t\t\t<div class=\"elementor-element elementor-element-4b5f2fc elementor-widget elementor-widget-foodfly-app-button-widget\" data-id=\"4b5f2fc\" data-element_type=\"widget\" data-widget_type=\"foodfly-app-button-widget.default\">\n\t\t\t\t<div class=\"elementor-widget-container\">\n\t\t\t\t\t\t\t<div class=\"foodfly-btn-wrapper inline\">\r\n\t\t\t\t\t\t\t\r\n\t\t\t\t\t<a href=\"#\" class=\"foodfly-app-btn elementor-repeater-item-02a7a65 btn-default\">\r\n\t\t\t\t\t\t<span class=\"foodfly-btn-content-wrapper\">\r\n\t\t\t\t\t\t\t\t\t\t\t\t\t\t\t<span class=\"foodfly-btn-icon elementor-align-icon-left\">\r\n\t\t\t\t\t\t\t\t\t\t\t\t\t\t\t\t\t\t\t\t\t\t\t\t\t\t\t\t\t\t\t\t\t\t\t\t<\/span>\r\n\t\t\t\t\t\t\t\t\t\t\t\t\t\t<span class=\"text-wrapper\">\r\n\t\t\t\t\t\t\t\t<span class=\"btn-tagline\">\r\n\t\t\t\t\t\t\t\t\t\t\t\t\t\t\t\t\t<\/span>\r\n\t\t\t\t\t\t\t\t<span class=\"foodfly-btn-text\"><\/span>\r\n\t\t\t\t\t\t\t<\/span>\r\n\t\t\t\t\t\t<\/span>\r\n\t\t\t\t\t<\/a>\r\n\r\n\t\t\t\t\t\t\t\t\t<\/div>\r\n\t\t\t\t\t\t<\/div>\n\t\t\t\t<\/div>\n\t\t\t\t\t<\/div>\n\t\t<\/div>\n\t\t\t\t<div class=\"elementor-column elementor-col-50 elementor-inner-column elementor-element elementor-element-588247a\" data-id=\"588247a\" data-element_type=\"column\" data-settings=\"{&quot;background_background&quot;:&quot;classic&quot;}\">\n\t\t\t<div class=\"elementor-widget-wrap elementor-element-populated\">\n\t\t\t\t\t\t<div class=\"elementor-element elementor-element-da8d937 elementor-hidden-tablet elementor-hidden-mobile elementor-widget elementor-widget-image\" data-id=\"da8d937\" data-element_type=\"widget\" data-widget_type=\"image.default\">\n\t\t\t\t\t\t\t\t\t\t\t\t\t\t\t<img fetchpriority=\"high\" decoding=\"async\" width=\"537\" height=\"403\" src=\"https:\/\/frenchtacos.es\/wp-content\/uploads\/2021\/11\/your-image-here-2.png\" class=\"attachment-full size-full wp-image-798\" alt=\"\" srcset=\"https:\/\/frenchtacos.es\/wp-content\/uploads\/2021\/11\/your-image-here-2.png 537w, https:\/\/frenchtacos.es\/wp-content\/uploads\/2021\/11\/your-image-here-2-150x113.png 150w, https:\/\/frenchtacos.es\/wp-content\/uploads\/2021\/11\/your-image-here-2-300x225.png 300w\" sizes=\"(max-width: 537px) 100vw, 537px\" \/>\t\t\t\t\t\t\t\t\t\t\t\t\t\t\t<\/div>\n\t\t\t\t\t<\/div>\n\t\t<\/div>\n\t\t\t\t\t<\/div>\n\t\t<\/div>\n\t\t\t\t\t<\/div>\n\t\t<\/div>\n\t\t\t\t\t<\/div>\n\t\t<\/div>\n\t\t\t\t<\/div>\n\t\t","protected":false},"excerpt":{"rendered":"<p>Men\u00fa Lo Mejor del Men\u00fa Bowls Burger Ensaladas MEN\u00da KIDS Nuggets &amp; Tenders Patatas S\u00e1ndwiches Tacos Para el take away \/ delivery futuro Tu pedido, como quieras<\/p>\n","protected":false},"author":1,"featured_media":0,"parent":0,"menu_order":0,"comment_status":"closed","ping_status":"closed","template":"elementor_header_footer","meta":{"_monsterinsights_skip_tracking":false,"_monsterinsights_sitenote_active":false,"_monsterinsights_sitenote_note":"","_monsterinsights_sitenote_category":0,"footnotes":""},"class_list":["post-868","page","type-page","status-publish","hentry"],"aioseo_notices":[],"_links":{"self":[{"href":"https:\/\/frenchtacos.es\/index.php\/wp-json\/wp\/v2\/pages\/868","targetHints":{"allow":["GET"]}}],"collection":[{"href":"https:\/\/frenchtacos.es\/index.php\/wp-json\/wp\/v2\/pages"}],"about":[{"href":"https:\/\/frenchtacos.es\/index.php\/wp-json\/wp\/v2\/types\/page"}],"author":[{"embeddable":true,"href":"https:\/\/frenchtacos.es\/index.php\/wp-json\/wp\/v2\/users\/1"}],"replies":[{"embeddable":true,"href":"https:\/\/frenchtacos.es\/index.php\/wp-json\/wp\/v2\/comments?post=868"}],"version-history":[{"count":10,"href":"https:\/\/frenchtacos.es\/index.php\/wp-json\/wp\/v2\/pages\/868\/revisions"}],"predecessor-version":[{"id":3312,"href":"https:\/\/frenchtacos.es\/index.php\/wp-json\/wp\/v2\/pages\/868\/revisions\/3312"}],"wp:attachment":[{"href":"https:\/\/frenchtacos.es\/index.php\/wp-json\/wp\/v2\/media?parent=868"}],"curies":[{"name":"wp","href":"https:\/\/api.w.org\/{rel}","templated":true}]}}